{"id":33,"date":"2019-07-12T16:57:42","date_gmt":"2019-07-12T16:57:42","guid":{"rendered":"https:\/\/consorti-silva.com\/new\/?page_id=33"},"modified":"2019-07-12T17:00:20","modified_gmt":"2019-07-12T17:00:20","slug":"nuestra-empresa","status":"publish","type":"page","link":"https:\/\/consorti-silva.com\/new\/nuestra-empresa\/","title":{"rendered":"Nuestra Empresa"},"content":{"rendered":"<p>[et_pb_section fb_built=&#8221;1&#8243; fullwidth=&#8221;on&#8221; parallax=&#8221;on&#8221; inner_shadow=&#8221;on&#8221; _builder_version=&#8221;3.18.9&#8243; background_image=&#8221;https:\/\/consorti-silva.com\/new\/wp-content\/uploads\/2019\/07\/DJI_0972.00_00_11_25.Still001.jpg&#8221;][et_pb_fullwidth_slider _builder_version=&#8221;3.18.9&#8243; header_font=&#8221;Roboto Slab|700|||||||&#8221; background_color=&#8221;rgba(7,7,7,0.32)&#8221;][et_pb_slide heading=&#8221;Nuestra empresa&#8221; _builder_version=&#8221;3.18.9&#8243;][\/et_pb_slide][\/et_pb_fullwidth_slider][\/et_pb_section][et_pb_section fb_built=&#8221;1&#8243; _builder_version=&#8221;3.18.9&#8243; custom_padding=&#8221;10px|0px|54px|0px|false|false&#8221;][et_pb_row _builder_version=&#8221;3.18.9&#8243;][et_pb_column type=&#8221;4_4&#8243; _builder_version=&#8221;3.18.9&#8243; parallax=&#8221;off&#8221; parallax_method=&#8221;on&#8221;][et_pb_video src=&#8221;https:\/\/www.youtube.com\/watch?v=npyEg9CHKxI&#8221; _builder_version=&#8221;3.18.9&#8243;][\/et_pb_video][\/et_pb_column][\/et_pb_row][et_pb_row _builder_version=&#8221;3.18.9&#8243;][et_pb_column type=&#8221;4_4&#8243; _builder_version=&#8221;3.18.9&#8243; parallax=&#8221;off&#8221; parallax_method=&#8221;on&#8221;][et_pb_text _builder_version=&#8221;3.18.9&#8243;]<\/p>\n<p>El prop\u00f3sito de nuestra empresa desde 1988 en el mercado el\u00e9ctrico es, fundamentalmente, prestar servicio y asistencia a nuestros clientes en el \u00e1rea de Ingenier\u00eda El\u00e9ctrica.<\/p>\n<p>Nos caracterizamos por contar con un plantel de ingenieros el\u00e9ctricos y electromec\u00e1nicos altamente capacitados y una destacada trayectoria trabajando en montajes el\u00e9ctricos de todo tipo, en distintas ciudades de todo el pa\u00eds y con presencia permanente en las obras m\u00e1s importantes de Mar del Plata, lo que nos convirtio en la empresa lider en el mercado el\u00e9ctrico de la ciudad.<\/p>\n<p>Nuestra oficina t\u00e9cnica cuenta con el apoyo de un plantel de ingenieros que trabaja y asesora a empresas constructoras y grandes clientes en la construcci\u00f3n de todo tipo de proyectos de ingenier\u00eda.<\/p>\n<p>Para el control de cualquier proyecto previamente definido con el cliente siempre tenemos en cuenta:<\/p>\n<ul>\n<li><strong>standard de calidad<\/strong><\/li>\n<li><strong>plazo de entrega<\/strong><\/li>\n<li><strong>precio<\/strong><\/li>\n<\/ul>\n<p>[\/et_pb_text][\/et_pb_column][\/et_pb_row][\/et_pb_section]<\/p>\n","protected":false},"excerpt":{"rendered":"<p>El prop\u00f3sito de nuestra empresa desde 1988 en el mercado el\u00e9ctrico es, fundamentalmente, prestar servicio y asistencia a nuestros clientes en el \u00e1rea de Ingenier\u00eda El\u00e9ctrica. Nos caracterizamos por contar con un plantel de ingenieros el\u00e9ctricos y electromec\u00e1nicos altamente capacitados y una destacada trayectoria trabajando en montajes el\u00e9ctricos de todo tipo, en distintas ciudades de [&hellip;]<\/p>\n","protected":false},"author":1,"featured_media":0,"parent":0,"menu_order":0,"comment_status":"closed","ping_status":"closed","template":"","meta":{"_et_pb_use_builder":"on","_et_pb_old_content":"","_et_gb_content_width":"","footnotes":""},"class_list":["post-33","page","type-page","status-publish","hentry"],"_links":{"self":[{"href":"https:\/\/consorti-silva.com\/new\/wp-json\/wp\/v2\/pages\/33","targetHints":{"allow":["GET"]}}],"collection":[{"href":"https:\/\/consorti-silva.com\/new\/wp-json\/wp\/v2\/pages"}],"about":[{"href":"https:\/\/consorti-silva.com\/new\/wp-json\/wp\/v2\/types\/page"}],"author":[{"embeddable":true,"href":"https:\/\/consorti-silva.com\/new\/wp-json\/wp\/v2\/users\/1"}],"replies":[{"embeddable":true,"href":"https:\/\/consorti-silva.com\/new\/wp-json\/wp\/v2\/comments?post=33"}],"version-history":[{"count":3,"href":"https:\/\/consorti-silva.com\/new\/wp-json\/wp\/v2\/pages\/33\/revisions"}],"predecessor-version":[{"id":38,"href":"https:\/\/consorti-silva.com\/new\/wp-json\/wp\/v2\/pages\/33\/revisions\/38"}],"wp:attachment":[{"href":"https:\/\/consorti-silva.com\/new\/wp-json\/wp\/v2\/media?parent=33"}],"curies":[{"name":"wp","href":"https:\/\/api.w.org\/{rel}","templated":true}]}}