{"id":41,"date":"2019-07-13T02:08:09","date_gmt":"2019-07-13T02:08:09","guid":{"rendered":"https:\/\/consorti-silva.com\/new\/?page_id=41"},"modified":"2019-09-25T17:32:13","modified_gmt":"2019-09-25T17:32:13","slug":"servicios","status":"publish","type":"page","link":"https:\/\/consorti-silva.com\/new\/servicios\/","title":{"rendered":"Servicios"},"content":{"rendered":"<p>[et_pb_section fb_built=&#8221;1&#8243; inner_shadow=&#8221;on&#8221; fullwidth=&#8221;on&#8221; _builder_version=&#8221;3.18.9&#8243; background_image=&#8221;https:\/\/consorti-silva.com\/new\/wp-content\/uploads\/2019\/07\/DJI_0972.00_01_54_46.Still012.jpg&#8221; parallax=&#8221;on&#8221;][et_pb_fullwidth_slider _builder_version=&#8221;3.18.9&#8243; header_font=&#8221;Roboto Slab|700|||||||&#8221; background_color=&#8221;rgba(7,7,7,0.32)&#8221;][et_pb_slide heading=&#8221;Servicios&#8221; _builder_version=&#8221;3.18.9&#8243;][\/et_pb_slide][\/et_pb_fullwidth_slider][\/et_pb_section][et_pb_section fb_built=&#8221;1&#8243; _builder_version=&#8221;3.18.9&#8243; custom_padding=&#8221;10px|0px|54px|0px|false|false&#8221;][et_pb_row _builder_version=&#8221;3.18.9&#8243;][et_pb_column type=&#8221;4_4&#8243; _builder_version=&#8221;3.18.9&#8243; parallax=&#8221;off&#8221; parallax_method=&#8221;on&#8221;][et_pb_text _builder_version=&#8221;3.18.9&#8243; text_font=&#8221;||||||||&#8221; text_text_color=&#8221;#39b54a&#8221; header_font=&#8221;Roboto Slab|700|||||||&#8221; header_text_align=&#8221;center&#8221; header_text_color=&#8221;#39b54a&#8221; header_2_font=&#8221;Roboto Slab||||||||&#8221; header_2_text_color=&#8221;#5b5b5b&#8221; header_2_line_height=&#8221;1.4em&#8221;]<\/p>\n<h2 style=\"text-align: center;\">Nuestra oficina t\u00e9cnica cuenta con todo el apoyo de un plantel de ingenieros trabajando y asesorando a las empresas constructoras y grandes clientes en la construcci\u00f3n de todo tipo de proyectos de ingenier\u00eda.<\/h2>\n<p>[\/et_pb_text][\/et_pb_column][\/et_pb_row][et_pb_row _builder_version=&#8221;3.18.9&#8243; border_width_top=&#8221;1px&#8221; border_color_top=&#8221;#39b54a&#8221; module_id=&#8221;pisoradiante&#8221;][et_pb_column type=&#8221;1_2&#8243; _builder_version=&#8221;3.18.9&#8243; parallax=&#8221;off&#8221; parallax_method=&#8221;on&#8221;][et_pb_blurb title=&#8221;Piso Radiante El\u00e9ctrico&#8221; use_icon=&#8221;on&#8221; font_icon=&#8221;%%236%%&#8221; icon_color=&#8221;#39b54a&#8221; icon_placement=&#8221;left&#8221; _builder_version=&#8221;3.18.9&#8243; header_font=&#8221;Roboto Slab|700|||||||&#8221; header_text_color=&#8221;#39b54a&#8221;]<\/p>\n<p><strong>Especialistas en Instalaci\u00f3n<\/strong> de <strong>Piso Radiante El\u00e9ctrico<\/strong> un sistema de cables calefactores instalados bajo el solado, a pocos cent\u00edmetros de la superficie,<strong> los mismos pueden ser instalados en edificios, hogares, negocios<\/strong>, etc\u00e9tera.<\/p>\n<p>[\/et_pb_blurb][\/et_pb_column][et_pb_column type=&#8221;1_2&#8243; _builder_version=&#8221;3.18.9&#8243; parallax=&#8221;off&#8221; parallax_method=&#8221;on&#8221;][et_pb_gallery gallery_ids=&#8221;49,46,45&#8243; gallery_orderby=&#8221;rand&#8221; fullwidth=&#8221;on&#8221; _builder_version=&#8221;3.18.9&#8243; pagination_font=&#8221;||||||||&#8221; auto=&#8221;on&#8221; auto_speed=&#8221;4000&#8243;][\/et_pb_gallery][\/et_pb_column][\/et_pb_row][et_pb_row _builder_version=&#8221;3.18.9&#8243; border_width_top=&#8221;1px&#8221; border_color_top=&#8221;#39b54a&#8221; module_id=&#8221;instalaciones&#8221;][et_pb_column type=&#8221;1_2&#8243; _builder_version=&#8221;3.18.9&#8243; parallax=&#8221;off&#8221; parallax_method=&#8221;on&#8221;][et_pb_blurb title=&#8221;Instalaciones El\u00e9ctricas&#8221; use_icon=&#8221;on&#8221; font_icon=&#8221;%%284%%&#8221; icon_color=&#8221;#39b54a&#8221; icon_placement=&#8221;left&#8221; _builder_version=&#8221;3.18.9&#8243; header_font=&#8221;Roboto Slab|700|||||||&#8221; header_text_color=&#8221;#39b54a&#8221;]<\/p>\n<ul>\n<li>Todo tipo de obras civiles e industriales<\/li>\n<li>Alumbrado vial<\/li>\n<li>Iluminaci\u00f3n<\/li>\n<li>Instalaciones antiexplosivas<\/li>\n<li>Subestaciones transformadoras<\/li>\n<li>Trabajos en media tensi\u00f3n.<\/li>\n<\/ul>\n<p>[\/et_pb_blurb][\/et_pb_column][et_pb_column type=&#8221;1_2&#8243; _builder_version=&#8221;3.18.9&#8243; parallax=&#8221;off&#8221; parallax_method=&#8221;on&#8221;][et_pb_gallery gallery_ids=&#8221;60,68,85,86&#8243; gallery_orderby=&#8221;rand&#8221; fullwidth=&#8221;on&#8221; _builder_version=&#8221;3.18.9&#8243; pagination_font=&#8221;||||||||&#8221; auto=&#8221;on&#8221; auto_speed=&#8221;4000&#8243;][\/et_pb_gallery][\/et_pb_column][\/et_pb_row][et_pb_row _builder_version=&#8221;3.18.9&#8243; border_width_top=&#8221;1px&#8221; border_color_top=&#8221;#39b54a&#8221; module_id=&#8221;ingenieria&#8221;][et_pb_column type=&#8221;1_2&#8243; _builder_version=&#8221;3.18.9&#8243; parallax=&#8221;off&#8221; parallax_method=&#8221;on&#8221;][et_pb_blurb title=&#8221;Ingenier\u00eda&#8221; use_icon=&#8221;on&#8221; font_icon=&#8221;%%176%%&#8221; icon_color=&#8221;#39b54a&#8221; icon_placement=&#8221;left&#8221; _builder_version=&#8221;3.18.9&#8243; header_font=&#8221;Roboto Slab|700|||||||&#8221; header_text_color=&#8221;#39b54a&#8221;]<\/p>\n<ul>\n<li>Estudios de consumo y c\u00e1lculos<\/li>\n<li>Proyectos, dise\u00f1o y desarrollos<\/li>\n<li>Proyecto y c\u00e1lculos de pararrayos<\/li>\n<li>Planos<\/li>\n<\/ul>\n<p>[\/et_pb_blurb][\/et_pb_column][et_pb_column type=&#8221;1_2&#8243; _builder_version=&#8221;3.18.9&#8243; parallax=&#8221;off&#8221; parallax_method=&#8221;on&#8221;][et_pb_gallery gallery_ids=&#8221;58,24,170&#8243; gallery_orderby=&#8221;rand&#8221; fullwidth=&#8221;on&#8221; _builder_version=&#8221;3.18.9&#8243; pagination_font=&#8221;||||||||&#8221; auto=&#8221;on&#8221; auto_speed=&#8221;4000&#8243;][\/et_pb_gallery][\/et_pb_column][\/et_pb_row][et_pb_row _builder_version=&#8221;3.18.9&#8243; border_width_top=&#8221;1px&#8221; border_color_top=&#8221;#39b54a&#8221; module_id=&#8221;mediciones&#8221;][et_pb_column type=&#8221;1_2&#8243; _builder_version=&#8221;3.18.9&#8243; parallax=&#8221;off&#8221; parallax_method=&#8221;on&#8221;][et_pb_blurb title=&#8221;Mediciones e informes t\u00e9cnicos&#8221; use_icon=&#8221;on&#8221; font_icon=&#8221;%%143%%&#8221; icon_color=&#8221;#39b54a&#8221; icon_placement=&#8221;left&#8221; _builder_version=&#8221;3.18.9&#8243; header_font=&#8221;Roboto Slab|700|||||||&#8221; header_text_color=&#8221;#39b54a&#8221;]<\/p>\n<ul>\n<li>Puesta a tierra, Ley 900\/2015<\/li>\n<li>Termografiado<\/li>\n<li>An\u00e1lisis de carga<\/li>\n<li>Disparo de protecciones. An\u00e1lisis<\/li>\n<\/ul>\n<p>[\/et_pb_blurb][\/et_pb_column][et_pb_column type=&#8221;1_2&#8243; _builder_version=&#8221;3.18.9&#8243; parallax=&#8221;off&#8221; parallax_method=&#8221;on&#8221;][et_pb_gallery gallery_ids=&#8221;61,57,62,173&#8243; fullwidth=&#8221;on&#8221; _builder_version=&#8221;3.18.9&#8243; pagination_font=&#8221;||||||||&#8221; auto=&#8221;on&#8221; auto_speed=&#8221;4000&#8243;][\/et_pb_gallery][\/et_pb_column][\/et_pb_row][et_pb_row _builder_version=&#8221;3.18.9&#8243; border_width_top=&#8221;1px&#8221; border_color_top=&#8221;#39b54a&#8221; module_id=&#8221;tableros&#8221;][et_pb_column type=&#8221;1_2&#8243; _builder_version=&#8221;3.18.9&#8243; parallax=&#8221;off&#8221; parallax_method=&#8221;on&#8221;][et_pb_blurb title=&#8221;Tableros y automatismos&#8221; use_icon=&#8221;on&#8221; font_icon=&#8221;%%130%%&#8221; icon_color=&#8221;#39b54a&#8221; icon_placement=&#8221;left&#8221; _builder_version=&#8221;3.18.9&#8243; header_font=&#8221;Roboto Slab|700|||||||&#8221; header_text_color=&#8221;#39b54a&#8221;]<\/p>\n<ul>\n<li>Ingenier\u00eda<\/li>\n<li>Tableros de potencia y comando<\/li>\n<li>PLC (programaci\u00f3n e instalaci\u00f3n)<\/li>\n<li>Arranques variadores y automatismos<\/li>\n<\/ul>\n<p>[\/et_pb_blurb][\/et_pb_column][et_pb_column type=&#8221;1_2&#8243; _builder_version=&#8221;3.18.9&#8243; parallax=&#8221;off&#8221; parallax_method=&#8221;on&#8221;][et_pb_gallery gallery_ids=&#8221;63,64,65&#8243; gallery_orderby=&#8221;rand&#8221; fullwidth=&#8221;on&#8221; _builder_version=&#8221;3.18.9&#8243; pagination_font=&#8221;||||||||&#8221; auto=&#8221;on&#8221; auto_speed=&#8221;4000&#8243;][\/et_pb_gallery][\/et_pb_column][\/et_pb_row][\/et_pb_section]<\/p>\n","protected":false},"excerpt":{"rendered":"<p>Nuestra oficina t\u00e9cnica cuenta con todo el apoyo de un plantel de ingenieros trabajando y asesorando a las empresas constructoras y grandes clientes en la construcci\u00f3n de todo tipo de proyectos de ingenier\u00eda.Especialistas en Instalaci\u00f3n de Piso Radiante El\u00e9ctrico un sistema de cables calefactores instalados bajo el solado, a pocos cent\u00edmetros de la superficie, los [&hellip;]<\/p>\n","protected":false},"author":1,"featured_media":0,"parent":0,"menu_order":0,"comment_status":"closed","ping_status":"closed","template":"","meta":{"_et_pb_use_builder":"on","_et_pb_old_content":"","_et_gb_content_width":"","footnotes":""},"class_list":["post-41","page","type-page","status-publish","hentry"],"_links":{"self":[{"href":"https:\/\/consorti-silva.com\/new\/wp-json\/wp\/v2\/pages\/41","targetHints":{"allow":["GET"]}}],"collection":[{"href":"https:\/\/consorti-silva.com\/new\/wp-json\/wp\/v2\/pages"}],"about":[{"href":"https:\/\/consorti-silva.com\/new\/wp-json\/wp\/v2\/types\/page"}],"author":[{"embeddable":true,"href":"https:\/\/consorti-silva.com\/new\/wp-json\/wp\/v2\/users\/1"}],"replies":[{"embeddable":true,"href":"https:\/\/consorti-silva.com\/new\/wp-json\/wp\/v2\/comments?post=41"}],"version-history":[{"count":10,"href":"https:\/\/consorti-silva.com\/new\/wp-json\/wp\/v2\/pages\/41\/revisions"}],"predecessor-version":[{"id":177,"href":"https:\/\/consorti-silva.com\/new\/wp-json\/wp\/v2\/pages\/41\/revisions\/177"}],"wp:attachment":[{"href":"https:\/\/consorti-silva.com\/new\/wp-json\/wp\/v2\/media?parent=41"}],"curies":[{"name":"wp","href":"https:\/\/api.w.org\/{rel}","templated":true}]}}